{"id":544,"date":"2025-10-31T15:52:43","date_gmt":"2025-10-31T21:52:43","guid":{"rendered":"https:\/\/ceiba.devbluedevs.com\/?page_id=544"},"modified":"2025-11-25T16:23:54","modified_gmt":"2025-11-25T22:23:54","slug":"se-parte","status":"publish","type":"page","link":"https:\/\/guatemalaexporta.mineco.gob.gt\/en\/se-parte\/","title":{"rendered":"Get involved"},"content":{"rendered":"\t\t<div data-elementor-type=\"wp-page\" data-elementor-id=\"544\" class=\"elementor elementor-544\" data-elementor-post-type=\"page\">\n\t\t\t\t<div class=\"elementor-element elementor-element-b1a3147 e-flex e-con-boxed e-con e-parent\" data-id=\"b1a3147\" data-element_type=\"container\" data-e-type=\"container\" data-settings=\"{&quot;background_background&quot;:&quot;classic&quot;,&quot;background_motion_fx_motion_fx_scrolling&quot;:&quot;yes&quot;,&quot;background_motion_fx_scale_effect&quot;:&quot;yes&quot;,&quot;background_motion_fx_scale_direction&quot;:&quot;out-in&quot;,&quot;background_motion_fx_scale_speed&quot;:{&quot;unit&quot;:&quot;px&quot;,&quot;size&quot;:4,&quot;sizes&quot;:[]},&quot;background_motion_fx_scale_range&quot;:{&quot;unit&quot;:&quot;%&quot;,&quot;size&quot;:&quot;&quot;,&quot;sizes&quot;:{&quot;start&quot;:20,&quot;end&quot;:80}},&quot;background_motion_fx_devices&quot;:[&quot;desktop&quot;,&quot;tablet&quot;,&quot;mobile&quot;]}\">\n\t\t\t\t\t<div class=\"e-con-inner\">\n\t\t\t\t<div class=\"elementor-element elementor-element-21450df elementor-invisible elementor-widget elementor-widget-heading\" data-id=\"21450df\" data-element_type=\"widget\" data-e-type=\"widget\" data-settings=\"{&quot;_animation&quot;:&quot;fadeInUp&quot;}\" data-widget_type=\"heading.default\">\n\t\t\t\t\t<h6 class=\"elementor-heading-title elementor-size-default\"><a href=\"https:\/\/guatemalaexporta.mineco.gob.gt\/\">Inicio &gt; S\u00e9 parte<\/a><\/h6>\t\t\t\t<\/div>\n\t\t\t\t<div class=\"elementor-element elementor-element-da41b89 elementor-widget__width-initial elementor-invisible elementor-widget elementor-widget-heading\" data-id=\"da41b89\" data-element_type=\"widget\" data-e-type=\"widget\" data-settings=\"{&quot;_animation&quot;:&quot;fadeInUp&quot;}\" data-widget_type=\"heading.default\">\n\t\t\t\t\t<h1 class=\"elementor-heading-title elementor-size-default\">S\u00e9 parte de exportar todo lo bueno\n<\/h1>\t\t\t\t<\/div>\n\t\t\t\t\t<\/div>\n\t\t\t\t<\/div>\n\t\t<div class=\"elementor-element elementor-element-d118715 e-flex e-con-boxed e-con e-parent\" data-id=\"d118715\" data-element_type=\"container\" data-e-type=\"container\">\n\t\t\t\t\t<div class=\"e-con-inner\">\n\t\t\t\t<div class=\"elementor-element elementor-element-66fcf9d elementor-widget-tablet__width-initial elementor-widget__width-initial elementor-invisible elementor-widget elementor-widget-heading\" data-id=\"66fcf9d\" data-element_type=\"widget\" data-e-type=\"widget\" data-settings=\"{&quot;_animation&quot;:&quot;fadeInUp&quot;,&quot;_animation_delay&quot;:0}\" data-widget_type=\"heading.default\">\n\t\t\t\t\t<h2 class=\"elementor-heading-title elementor-size-default\">Participa en las actividades que puedan apoyarte a exportar todo lo bueno<\/h2>\t\t\t\t<\/div>\n\t\t\t\t<div class=\"elementor-element elementor-element-444515f elementor-widget-divider--view-line elementor-invisible elementor-widget elementor-widget-divider\" data-id=\"444515f\" data-element_type=\"widget\" data-e-type=\"widget\" data-settings=\"{&quot;_animation&quot;:&quot;fadeInDown&quot;}\" data-widget_type=\"divider.default\">\n\t\t\t\t\t\t\t<div class=\"elementor-divider\">\n\t\t\t<span class=\"elementor-divider-separator\">\n\t\t\t\t\t\t<\/span>\n\t\t<\/div>\n\t\t\t\t\t\t<\/div>\n\t\t\t\t<div class=\"elementor-element elementor-element-fff0e42 elementor-invisible elementor-widget elementor-widget-text-editor\" data-id=\"fff0e42\" data-element_type=\"widget\" data-e-type=\"widget\" data-settings=\"{&quot;_animation&quot;:&quot;fadeInUp&quot;,&quot;_animation_delay&quot;:650}\" data-widget_type=\"text-editor.default\">\n\t\t\t\t\t\t\t\t\t<p>Nuestro calendario re\u00fane las actividades para prepararte para exportar todo lo bueno.<\/p><p>Aqu\u00ed encontrar\u00e1s oportunidades de formaci\u00f3n, acompa\u00f1amiento t\u00e9cnico y espacios estrat\u00e9gicos impulsados por el Ministerio de Econom\u00eda para fortalecer tus capacidades, potenciar tu oferta y avanzar hacia nuevos mercados internacionales.<\/p>\t\t\t\t\t\t\t\t<\/div>\n\t\t\t\t<div class=\"elementor-element elementor-element-488d1be elementor-widget elementor-widget-spacer\" data-id=\"488d1be\" data-element_type=\"widget\" data-e-type=\"widget\" data-widget_type=\"spacer.default\">\n\t\t\t\t\t\t\t<div class=\"elementor-spacer\">\n\t\t\t<div class=\"elementor-spacer-inner\"><\/div>\n\t\t<\/div>\n\t\t\t\t\t\t<\/div>\n\t\t\t\t<div class=\"elementor-element elementor-element-3decfe9 elementor-grid-3 elementor-grid-tablet-2 elementor-grid-mobile-1 elementor-invisible elementor-widget elementor-widget-loop-grid\" data-id=\"3decfe9\" data-element_type=\"widget\" data-e-type=\"widget\" id=\"se-parte\" data-settings=\"{&quot;template_id&quot;:&quot;682&quot;,&quot;row_gap_tablet&quot;:{&quot;unit&quot;:&quot;px&quot;,&quot;size&quot;:15,&quot;sizes&quot;:[]},&quot;_animation&quot;:&quot;fadeInUp&quot;,&quot;_animation_delay&quot;:900,&quot;pagination_type&quot;:&quot;load_more_on_click&quot;,&quot;_skin&quot;:&quot;post&quot;,&quot;columns&quot;:&quot;3&quot;,&quot;columns_tablet&quot;:&quot;2&quot;,&quot;columns_mobile&quot;:&quot;1&quot;,&quot;edit_handle_selector&quot;:&quot;[data-elementor-type=\\&quot;loop-item\\&quot;]&quot;,&quot;load_more_spinner&quot;:{&quot;value&quot;:&quot;fas fa-spinner&quot;,&quot;library&quot;:&quot;fa-solid&quot;},&quot;row_gap&quot;:{&quot;unit&quot;:&quot;px&quot;,&quot;size&quot;:&quot;&quot;,&quot;sizes&quot;:[]},&quot;row_gap_mobile&quot;:{&quot;unit&quot;:&quot;px&quot;,&quot;size&quot;:&quot;&quot;,&quot;sizes&quot;:[]}}\" data-widget_type=\"loop-grid.post\">\n\t\t\t\t<div class=\"elementor-widget-container\">\n\t\t\t\t\t\t\t<div class=\"e-loop-nothing-found-message\">\n\t\t\t\t\t<div class=\"e-loop-nothing-found-message__text\">\n\t\t\t\tNo hay eventos disponibles\t\t\t<\/div>\n\t\t\t<\/div>\n\t\t\t\t\t\t<\/div>\n\t\t\t\t<\/div>\n\t\t\t\t\t<\/div>\n\t\t\t\t<\/div>\n\t\t\t\t<\/div>\n\t\t","protected":false},"excerpt":{"rendered":"<p>Inicio &gt; S\u00e9 parte S\u00e9 parte de exportar todo lo bueno Participa en las actividades que puedan apoyarte a exportar todo lo bueno Nuestro calendario re\u00fane las actividades para prepararte para exportar todo lo bueno. Aqu\u00ed encontrar\u00e1s oportunidades de formaci\u00f3n, acompa\u00f1amiento t\u00e9cnico y espacios estrat\u00e9gicos impulsados por el Ministerio de Econom\u00eda para fortalecer tus capacidades, [&hellip;]<\/p>\n","protected":false},"author":4,"featured_media":0,"parent":0,"menu_order":0,"comment_status":"closed","ping_status":"closed","template":"elementor_header_footer","meta":{"footnotes":""},"class_list":["post-544","page","type-page","status-publish","hentry"],"yoast_head":"<!-- This site is optimized with the Yoast SEO plugin v27.3 - https:\/\/yoast.com\/product\/yoast-seo-wordpress\/ -->\n<title>Se Parte de Exportar Todo lo Bueno y Conectar - Guatemala Exporta Todo Lo Bueno<\/title>\n<meta name=\"description\" content=\"S\u00e9 parte de la comunidad exportadora de Guatemala. Conecta tu empresa con mercados internacionales, accede a asesor\u00eda estrat\u00e9gica y forma parte del impulso que lleva todo lo bueno al mundo.\" \/>\n<meta name=\"robots\" content=\"index, follow, max-snippet:-1, max-image-preview:large, max-video-preview:-1\" \/>\n<link rel=\"canonical\" href=\"https:\/\/guatemalaexporta.mineco.gob.gt\/en\/se-parte\/\" \/>\n<meta property=\"og:locale\" content=\"en_US\" \/>\n<meta property=\"og:type\" content=\"article\" \/>\n<meta property=\"og:title\" content=\"Se Parte de Exportar Todo lo Bueno y Conectar - Guatemala Exporta Todo Lo Bueno\" \/>\n<meta property=\"og:description\" content=\"S\u00e9 parte de la comunidad exportadora de Guatemala. Conecta tu empresa con mercados internacionales, accede a asesor\u00eda estrat\u00e9gica y forma parte del impulso que lleva todo lo bueno al mundo.\" \/>\n<meta property=\"og:url\" content=\"https:\/\/guatemalaexporta.mineco.gob.gt\/en\/se-parte\/\" \/>\n<meta property=\"og:site_name\" content=\"Guatemala Exporta Todo Lo Bueno\" \/>\n<meta property=\"article:modified_time\" content=\"2025-11-25T22:23:54+00:00\" \/>\n<meta name=\"twitter:card\" content=\"summary_large_image\" \/>\n<meta name=\"twitter:label1\" content=\"Est. reading time\" \/>\n\t<meta name=\"twitter:data1\" content=\"1 minute\" \/>\n<script type=\"application\/ld+json\" class=\"yoast-schema-graph\">{\"@context\":\"https:\\\/\\\/schema.org\",\"@graph\":[{\"@type\":\"WebPage\",\"@id\":\"https:\\\/\\\/guatemalaexporta.mineco.gob.gt\\\/se-parte\\\/\",\"url\":\"https:\\\/\\\/guatemalaexporta.mineco.gob.gt\\\/se-parte\\\/\",\"name\":\"Se Parte de Exportar Todo lo Bueno y Conectar - Guatemala Exporta Todo Lo Bueno\",\"isPartOf\":{\"@id\":\"https:\\\/\\\/guatemalaexporta.mineco.gob.gt\\\/#website\"},\"datePublished\":\"2025-10-31T21:52:43+00:00\",\"dateModified\":\"2025-11-25T22:23:54+00:00\",\"description\":\"S\u00e9 parte de la comunidad exportadora de Guatemala. Conecta tu empresa con mercados internacionales, accede a asesor\u00eda estrat\u00e9gica y forma parte del impulso que lleva todo lo bueno al mundo.\",\"breadcrumb\":{\"@id\":\"https:\\\/\\\/guatemalaexporta.mineco.gob.gt\\\/se-parte\\\/#breadcrumb\"},\"inLanguage\":\"en-US\",\"potentialAction\":[{\"@type\":\"ReadAction\",\"target\":[\"https:\\\/\\\/guatemalaexporta.mineco.gob.gt\\\/se-parte\\\/\"]}]},{\"@type\":\"BreadcrumbList\",\"@id\":\"https:\\\/\\\/guatemalaexporta.mineco.gob.gt\\\/se-parte\\\/#breadcrumb\",\"itemListElement\":[{\"@type\":\"ListItem\",\"position\":1,\"name\":\"Home\",\"item\":\"https:\\\/\\\/guatemalaexporta.mineco.gob.gt\\\/\"},{\"@type\":\"ListItem\",\"position\":2,\"name\":\"S\u00e9 parte\"}]},{\"@type\":\"WebSite\",\"@id\":\"https:\\\/\\\/guatemalaexporta.mineco.gob.gt\\\/#website\",\"url\":\"https:\\\/\\\/guatemalaexporta.mineco.gob.gt\\\/\",\"name\":\"Guatemala Exporta Todo Lo Bueno\",\"description\":\"MINECO\",\"publisher\":{\"@id\":\"https:\\\/\\\/guatemalaexporta.mineco.gob.gt\\\/#organization\"},\"potentialAction\":[{\"@type\":\"SearchAction\",\"target\":{\"@type\":\"EntryPoint\",\"urlTemplate\":\"https:\\\/\\\/guatemalaexporta.mineco.gob.gt\\\/?s={search_term_string}\"},\"query-input\":{\"@type\":\"PropertyValueSpecification\",\"valueRequired\":true,\"valueName\":\"search_term_string\"}}],\"inLanguage\":\"en-US\"},{\"@type\":\"Organization\",\"@id\":\"https:\\\/\\\/guatemalaexporta.mineco.gob.gt\\\/#organization\",\"name\":\"Guatemala Exporta Todo Lo Bueno\",\"url\":\"https:\\\/\\\/guatemalaexporta.mineco.gob.gt\\\/\",\"logo\":{\"@type\":\"ImageObject\",\"inLanguage\":\"en-US\",\"@id\":\"https:\\\/\\\/guatemalaexporta.mineco.gob.gt\\\/#\\\/schema\\\/logo\\\/image\\\/\",\"url\":\"https:\\\/\\\/guatemalaexporta.mineco.gob.gt\\\/wp-content\\\/uploads\\\/2025\\\/10\\\/logo-guatemala-exporta-todo-lo-bueno.png\",\"contentUrl\":\"https:\\\/\\\/guatemalaexporta.mineco.gob.gt\\\/wp-content\\\/uploads\\\/2025\\\/10\\\/logo-guatemala-exporta-todo-lo-bueno.png\",\"width\":1330,\"height\":985,\"caption\":\"Guatemala Exporta Todo Lo Bueno\"},\"image\":{\"@id\":\"https:\\\/\\\/guatemalaexporta.mineco.gob.gt\\\/#\\\/schema\\\/logo\\\/image\\\/\"}}]}<\/script>\n<!-- \/ Yoast SEO plugin. -->","yoast_head_json":{"title":"Se Parte de Exportar Todo lo Bueno y Conectar - Guatemala Exporta Todo Lo Bueno","description":"S\u00e9 parte de la comunidad exportadora de Guatemala. Conecta tu empresa con mercados internacionales, accede a asesor\u00eda estrat\u00e9gica y forma parte del impulso que lleva todo lo bueno al mundo.","robots":{"index":"index","follow":"follow","max-snippet":"max-snippet:-1","max-image-preview":"max-image-preview:large","max-video-preview":"max-video-preview:-1"},"canonical":"https:\/\/guatemalaexporta.mineco.gob.gt\/en\/se-parte\/","og_locale":"en_US","og_type":"article","og_title":"Se Parte de Exportar Todo lo Bueno y Conectar - Guatemala Exporta Todo Lo Bueno","og_description":"S\u00e9 parte de la comunidad exportadora de Guatemala. Conecta tu empresa con mercados internacionales, accede a asesor\u00eda estrat\u00e9gica y forma parte del impulso que lleva todo lo bueno al mundo.","og_url":"https:\/\/guatemalaexporta.mineco.gob.gt\/en\/se-parte\/","og_site_name":"Guatemala Exporta Todo Lo Bueno","article_modified_time":"2025-11-25T22:23:54+00:00","twitter_card":"summary_large_image","twitter_misc":{"Est. reading time":"1 minute"},"schema":{"@context":"https:\/\/schema.org","@graph":[{"@type":"WebPage","@id":"https:\/\/guatemalaexporta.mineco.gob.gt\/se-parte\/","url":"https:\/\/guatemalaexporta.mineco.gob.gt\/se-parte\/","name":"Se Parte de Exportar Todo lo Bueno y Conectar - Guatemala Exporta Todo Lo Bueno","isPartOf":{"@id":"https:\/\/guatemalaexporta.mineco.gob.gt\/#website"},"datePublished":"2025-10-31T21:52:43+00:00","dateModified":"2025-11-25T22:23:54+00:00","description":"S\u00e9 parte de la comunidad exportadora de Guatemala. Conecta tu empresa con mercados internacionales, accede a asesor\u00eda estrat\u00e9gica y forma parte del impulso que lleva todo lo bueno al mundo.","breadcrumb":{"@id":"https:\/\/guatemalaexporta.mineco.gob.gt\/se-parte\/#breadcrumb"},"inLanguage":"en-US","potentialAction":[{"@type":"ReadAction","target":["https:\/\/guatemalaexporta.mineco.gob.gt\/se-parte\/"]}]},{"@type":"BreadcrumbList","@id":"https:\/\/guatemalaexporta.mineco.gob.gt\/se-parte\/#breadcrumb","itemListElement":[{"@type":"ListItem","position":1,"name":"Home","item":"https:\/\/guatemalaexporta.mineco.gob.gt\/"},{"@type":"ListItem","position":2,"name":"S\u00e9 parte"}]},{"@type":"WebSite","@id":"https:\/\/guatemalaexporta.mineco.gob.gt\/#website","url":"https:\/\/guatemalaexporta.mineco.gob.gt\/","name":"Guatemala Exporta Todo Lo Bueno","description":"MINECO","publisher":{"@id":"https:\/\/guatemalaexporta.mineco.gob.gt\/#organization"},"potentialAction":[{"@type":"SearchAction","target":{"@type":"EntryPoint","urlTemplate":"https:\/\/guatemalaexporta.mineco.gob.gt\/?s={search_term_string}"},"query-input":{"@type":"PropertyValueSpecification","valueRequired":true,"valueName":"search_term_string"}}],"inLanguage":"en-US"},{"@type":"Organization","@id":"https:\/\/guatemalaexporta.mineco.gob.gt\/#organization","name":"Guatemala Exporta Todo Lo Bueno","url":"https:\/\/guatemalaexporta.mineco.gob.gt\/","logo":{"@type":"ImageObject","inLanguage":"en-US","@id":"https:\/\/guatemalaexporta.mineco.gob.gt\/#\/schema\/logo\/image\/","url":"https:\/\/guatemalaexporta.mineco.gob.gt\/wp-content\/uploads\/2025\/10\/logo-guatemala-exporta-todo-lo-bueno.png","contentUrl":"https:\/\/guatemalaexporta.mineco.gob.gt\/wp-content\/uploads\/2025\/10\/logo-guatemala-exporta-todo-lo-bueno.png","width":1330,"height":985,"caption":"Guatemala Exporta Todo Lo Bueno"},"image":{"@id":"https:\/\/guatemalaexporta.mineco.gob.gt\/#\/schema\/logo\/image\/"}}]}},"_links":{"self":[{"href":"https:\/\/guatemalaexporta.mineco.gob.gt\/en\/wp-json\/wp\/v2\/pages\/544","targetHints":{"allow":["GET"]}}],"collection":[{"href":"https:\/\/guatemalaexporta.mineco.gob.gt\/en\/wp-json\/wp\/v2\/pages"}],"about":[{"href":"https:\/\/guatemalaexporta.mineco.gob.gt\/en\/wp-json\/wp\/v2\/types\/page"}],"author":[{"embeddable":true,"href":"https:\/\/guatemalaexporta.mineco.gob.gt\/en\/wp-json\/wp\/v2\/users\/4"}],"replies":[{"embeddable":true,"href":"https:\/\/guatemalaexporta.mineco.gob.gt\/en\/wp-json\/wp\/v2\/comments?post=544"}],"version-history":[{"count":5,"href":"https:\/\/guatemalaexporta.mineco.gob.gt\/en\/wp-json\/wp\/v2\/pages\/544\/revisions"}],"predecessor-version":[{"id":1536,"href":"https:\/\/guatemalaexporta.mineco.gob.gt\/en\/wp-json\/wp\/v2\/pages\/544\/revisions\/1536"}],"wp:attachment":[{"href":"https:\/\/guatemalaexporta.mineco.gob.gt\/en\/wp-json\/wp\/v2\/media?parent=544"}],"curies":[{"name":"wp","href":"https:\/\/api.w.org\/{rel}","templated":true}]}}