{"id":1307,"date":"2025-11-14T00:08:04","date_gmt":"2025-11-14T06:08:04","guid":{"rendered":"https:\/\/ceiba.devbluedevs.com\/?page_id=1307"},"modified":"2025-11-14T08:37:35","modified_gmt":"2025-11-14T14:37:35","slug":"politica-de-privacidad","status":"publish","type":"page","link":"https:\/\/guatemalaexporta.mineco.gob.gt\/en\/politica-de-privacidad\/","title":{"rendered":"Pol\u00edtica de privacidad"},"content":{"rendered":"<div data-elementor-type=\"wp-page\" data-elementor-id=\"1307\" class=\"elementor elementor-1307\" data-elementor-post-type=\"page\">\n\t\t\t\t<div class=\"elementor-element elementor-element-b3c01f7 e-flex e-con-boxed e-con e-parent\" data-id=\"b3c01f7\" data-element_type=\"container\" data-e-type=\"container\">\n\t\t\t\t\t<div class=\"e-con-inner\">\n\t\t\t\t<div class=\"elementor-element elementor-element-740ccf8 elementor-widget elementor-widget-heading\" data-id=\"740ccf8\" data-element_type=\"widget\" data-e-type=\"widget\" data-widget_type=\"heading.default\">\n\t\t\t\t\t<h2 class=\"elementor-heading-title elementor-size-default\">Pol\u00edtica de privacidad<\/h2>\t\t\t\t<\/div>\n\t\t\t\t<div class=\"elementor-element elementor-element-331a566 elementor-hidden-desktop elementor-hidden-tablet elementor-widget-divider--view-line elementor-widget elementor-widget-divider\" data-id=\"331a566\" data-element_type=\"widget\" data-e-type=\"widget\" data-widget_type=\"divider.default\">\n\t\t\t\t\t\t\t<div class=\"elementor-divider\">\n\t\t\t<span class=\"elementor-divider-separator\">\n\t\t\t\t\t\t<\/span>\n\t\t<\/div>\n\t\t\t\t\t\t<\/div>\n\t\t\t\t<div class=\"elementor-element elementor-element-7b8e666 elementor-widget elementor-widget-text-editor\" data-id=\"7b8e666\" data-element_type=\"widget\" data-e-type=\"widget\" data-widget_type=\"text-editor.default\">\n\t\t\t\t\t\t\t\t\t<p><span style=\"font-weight: 400;\">En Guatemala Exporta Todo lo Bueno, nos comprometemos a proteger la privacidad de nuestros usuarios. Esta pol\u00edtica explica c\u00f3mo recopilamos, usamos y protegemos su informaci\u00f3n personal.<\/span><\/p><h5><b>1. Recopilaci\u00f3n de datos<\/b><\/h5><p><span style=\"font-weight: 400;\">Recopilamos datos personales como nombre, correo electr\u00f3nico y n\u00famero de tel\u00e9fono \u00fanicamente cuando el usuario los proporciona voluntariamente a trav\u00e9s de formularios de contacto u otros medios disponibles en nuestro sitio web.<\/span><\/p><h5><b>2. Uso de la informaci\u00f3n<\/b><\/h5><p><span style=\"font-weight: 400;\">La informaci\u00f3n recopilada se utiliza exclusivamente para responder a consultas, proporcionar informaci\u00f3n solicitada o mejorar nuestros servicios.<\/span><\/p><h5><b>3. Cookies<\/b><\/h5><p><span style=\"font-weight: 400;\">Este sitio puede utilizar cookies para mejorar la experiencia del usuario y analizar el tr\u00e1fico. El usuario puede configurar su navegador para rechazar cookies.<\/span><\/p><h5><b>4. Protecci\u00f3n de datos<\/b><\/h5><p><span style=\"font-weight: 400;\">Implementamos medidas de seguridad razonables para proteger su informaci\u00f3n. No compartimos, vendemos ni cedemos datos personales a terceros, salvo obligaci\u00f3n legal.<\/span><\/p><h5><b>5. Derechos del usuario<\/b><\/h5><p><span style=\"font-weight: 400;\">Usted tiene derecho a acceder, rectificar o eliminar sus datos personales. Puede ejercer estos derechos escribi\u00e9ndonos a: exportaciones@mineco.gob.gt<\/span><\/p><h5><b>6. Cambios a esta pol\u00edtica<\/b><\/h5><p><span style=\"font-weight: 400;\">Nos reservamos el derecho de modificar esta pol\u00edtica en cualquier momento. Las modificaciones se publicar\u00e1n en esta misma p\u00e1gina.<\/span><\/p>\t\t\t\t\t\t\t\t<\/div>\n\t\t\t\t\t<\/div>\n\t\t\t\t<\/div>\n\t\t\t\t<\/div>","protected":false},"excerpt":{"rendered":"<p>En Guatemala Exporta Todo lo Bueno, nos comprometemos a proteger la privacidad de nuestros usuarios. Esta pol\u00edtica explica c\u00f3mo recopilamos, usamos y protegemos su informaci\u00f3n personal. 1. Recopilaci\u00f3n de datos Recopilamos datos personales como nombre, correo electr\u00f3nico y n\u00famero de tel\u00e9fono \u00fanicamente cuando el usuario los proporciona voluntariamente a trav\u00e9s de formularios de contacto u [&hellip;]<\/p>\n","protected":false},"author":4,"featured_media":0,"parent":0,"menu_order":0,"comment_status":"closed","ping_status":"closed","template":"elementor_header_footer","meta":{"footnotes":""},"class_list":["post-1307","page","type-page","status-publish","hentry"],"yoast_head":"<!-- This site is optimized with the Yoast SEO plugin v27.3 - https:\/\/yoast.com\/product\/yoast-seo-wordpress\/ -->\n<title>Pol\u00edtica de privacidad - Guatemala Exporta Todo Lo Bueno<\/title>\n<meta name=\"description\" content=\"Pol\u00edticas de privacidad Guatemala Exporta todo lo Bueno\" \/>\n<meta name=\"robots\" content=\"index, follow, max-snippet:-1, max-image-preview:large, max-video-preview:-1\" \/>\n<link rel=\"canonical\" href=\"https:\/\/guatemalaexporta.mineco.gob.gt\/en\/politica-de-privacidad\/\" \/>\n<meta property=\"og:locale\" content=\"en_US\" \/>\n<meta property=\"og:type\" content=\"article\" \/>\n<meta property=\"og:title\" content=\"Pol\u00edtica de privacidad - Guatemala Exporta Todo Lo Bueno\" \/>\n<meta property=\"og:description\" content=\"Pol\u00edticas de privacidad Guatemala Exporta todo lo Bueno\" \/>\n<meta property=\"og:url\" content=\"https:\/\/guatemalaexporta.mineco.gob.gt\/en\/politica-de-privacidad\/\" \/>\n<meta property=\"og:site_name\" content=\"Guatemala Exporta Todo Lo Bueno\" \/>\n<meta property=\"article:modified_time\" content=\"2025-11-14T14:37:35+00:00\" \/>\n<meta name=\"twitter:card\" content=\"summary_large_image\" \/>\n<meta name=\"twitter:label1\" content=\"Est. reading time\" \/>\n\t<meta name=\"twitter:data1\" content=\"1 minute\" \/>\n<script type=\"application\/ld+json\" class=\"yoast-schema-graph\">{\"@context\":\"https:\\\/\\\/schema.org\",\"@graph\":[{\"@type\":\"WebPage\",\"@id\":\"https:\\\/\\\/guatemalaexporta.mineco.gob.gt\\\/politica-de-privacidad\\\/\",\"url\":\"https:\\\/\\\/guatemalaexporta.mineco.gob.gt\\\/politica-de-privacidad\\\/\",\"name\":\"Pol\u00edtica de privacidad - Guatemala Exporta Todo Lo Bueno\",\"isPartOf\":{\"@id\":\"https:\\\/\\\/guatemalaexporta.mineco.gob.gt\\\/#website\"},\"datePublished\":\"2025-11-14T06:08:04+00:00\",\"dateModified\":\"2025-11-14T14:37:35+00:00\",\"description\":\"Pol\u00edticas de privacidad Guatemala Exporta todo lo Bueno\",\"breadcrumb\":{\"@id\":\"https:\\\/\\\/guatemalaexporta.mineco.gob.gt\\\/politica-de-privacidad\\\/#breadcrumb\"},\"inLanguage\":\"en-US\",\"potentialAction\":[{\"@type\":\"ReadAction\",\"target\":[\"https:\\\/\\\/guatemalaexporta.mineco.gob.gt\\\/politica-de-privacidad\\\/\"]}]},{\"@type\":\"BreadcrumbList\",\"@id\":\"https:\\\/\\\/guatemalaexporta.mineco.gob.gt\\\/politica-de-privacidad\\\/#breadcrumb\",\"itemListElement\":[{\"@type\":\"ListItem\",\"position\":1,\"name\":\"Home\",\"item\":\"https:\\\/\\\/guatemalaexporta.mineco.gob.gt\\\/\"},{\"@type\":\"ListItem\",\"position\":2,\"name\":\"Pol\u00edtica de privacidad\"}]},{\"@type\":\"WebSite\",\"@id\":\"https:\\\/\\\/guatemalaexporta.mineco.gob.gt\\\/#website\",\"url\":\"https:\\\/\\\/guatemalaexporta.mineco.gob.gt\\\/\",\"name\":\"Guatemala Exporta Todo Lo Bueno\",\"description\":\"MINECO\",\"publisher\":{\"@id\":\"https:\\\/\\\/guatemalaexporta.mineco.gob.gt\\\/#organization\"},\"potentialAction\":[{\"@type\":\"SearchAction\",\"target\":{\"@type\":\"EntryPoint\",\"urlTemplate\":\"https:\\\/\\\/guatemalaexporta.mineco.gob.gt\\\/?s={search_term_string}\"},\"query-input\":{\"@type\":\"PropertyValueSpecification\",\"valueRequired\":true,\"valueName\":\"search_term_string\"}}],\"inLanguage\":\"en-US\"},{\"@type\":\"Organization\",\"@id\":\"https:\\\/\\\/guatemalaexporta.mineco.gob.gt\\\/#organization\",\"name\":\"Guatemala Exporta Todo Lo Bueno\",\"url\":\"https:\\\/\\\/guatemalaexporta.mineco.gob.gt\\\/\",\"logo\":{\"@type\":\"ImageObject\",\"inLanguage\":\"en-US\",\"@id\":\"https:\\\/\\\/guatemalaexporta.mineco.gob.gt\\\/#\\\/schema\\\/logo\\\/image\\\/\",\"url\":\"https:\\\/\\\/guatemalaexporta.mineco.gob.gt\\\/wp-content\\\/uploads\\\/2025\\\/10\\\/logo-guatemala-exporta-todo-lo-bueno.png\",\"contentUrl\":\"https:\\\/\\\/guatemalaexporta.mineco.gob.gt\\\/wp-content\\\/uploads\\\/2025\\\/10\\\/logo-guatemala-exporta-todo-lo-bueno.png\",\"width\":1330,\"height\":985,\"caption\":\"Guatemala Exporta Todo Lo Bueno\"},\"image\":{\"@id\":\"https:\\\/\\\/guatemalaexporta.mineco.gob.gt\\\/#\\\/schema\\\/logo\\\/image\\\/\"}}]}<\/script>\n<!-- \/ Yoast SEO plugin. -->","yoast_head_json":{"title":"Pol\u00edtica de privacidad - Guatemala Exporta Todo Lo Bueno","description":"Pol\u00edticas de privacidad Guatemala Exporta todo lo Bueno","robots":{"index":"index","follow":"follow","max-snippet":"max-snippet:-1","max-image-preview":"max-image-preview:large","max-video-preview":"max-video-preview:-1"},"canonical":"https:\/\/guatemalaexporta.mineco.gob.gt\/en\/politica-de-privacidad\/","og_locale":"en_US","og_type":"article","og_title":"Pol\u00edtica de privacidad - Guatemala Exporta Todo Lo Bueno","og_description":"Pol\u00edticas de privacidad Guatemala Exporta todo lo Bueno","og_url":"https:\/\/guatemalaexporta.mineco.gob.gt\/en\/politica-de-privacidad\/","og_site_name":"Guatemala Exporta Todo Lo Bueno","article_modified_time":"2025-11-14T14:37:35+00:00","twitter_card":"summary_large_image","twitter_misc":{"Est. reading time":"1 minute"},"schema":{"@context":"https:\/\/schema.org","@graph":[{"@type":"WebPage","@id":"https:\/\/guatemalaexporta.mineco.gob.gt\/politica-de-privacidad\/","url":"https:\/\/guatemalaexporta.mineco.gob.gt\/politica-de-privacidad\/","name":"Pol\u00edtica de privacidad - Guatemala Exporta Todo Lo Bueno","isPartOf":{"@id":"https:\/\/guatemalaexporta.mineco.gob.gt\/#website"},"datePublished":"2025-11-14T06:08:04+00:00","dateModified":"2025-11-14T14:37:35+00:00","description":"Pol\u00edticas de privacidad Guatemala Exporta todo lo Bueno","breadcrumb":{"@id":"https:\/\/guatemalaexporta.mineco.gob.gt\/politica-de-privacidad\/#breadcrumb"},"inLanguage":"en-US","potentialAction":[{"@type":"ReadAction","target":["https:\/\/guatemalaexporta.mineco.gob.gt\/politica-de-privacidad\/"]}]},{"@type":"BreadcrumbList","@id":"https:\/\/guatemalaexporta.mineco.gob.gt\/politica-de-privacidad\/#breadcrumb","itemListElement":[{"@type":"ListItem","position":1,"name":"Home","item":"https:\/\/guatemalaexporta.mineco.gob.gt\/"},{"@type":"ListItem","position":2,"name":"Pol\u00edtica de privacidad"}]},{"@type":"WebSite","@id":"https:\/\/guatemalaexporta.mineco.gob.gt\/#website","url":"https:\/\/guatemalaexporta.mineco.gob.gt\/","name":"Guatemala Exporta Todo Lo Bueno","description":"MINECO","publisher":{"@id":"https:\/\/guatemalaexporta.mineco.gob.gt\/#organization"},"potentialAction":[{"@type":"SearchAction","target":{"@type":"EntryPoint","urlTemplate":"https:\/\/guatemalaexporta.mineco.gob.gt\/?s={search_term_string}"},"query-input":{"@type":"PropertyValueSpecification","valueRequired":true,"valueName":"search_term_string"}}],"inLanguage":"en-US"},{"@type":"Organization","@id":"https:\/\/guatemalaexporta.mineco.gob.gt\/#organization","name":"Guatemala Exporta Todo Lo Bueno","url":"https:\/\/guatemalaexporta.mineco.gob.gt\/","logo":{"@type":"ImageObject","inLanguage":"en-US","@id":"https:\/\/guatemalaexporta.mineco.gob.gt\/#\/schema\/logo\/image\/","url":"https:\/\/guatemalaexporta.mineco.gob.gt\/wp-content\/uploads\/2025\/10\/logo-guatemala-exporta-todo-lo-bueno.png","contentUrl":"https:\/\/guatemalaexporta.mineco.gob.gt\/wp-content\/uploads\/2025\/10\/logo-guatemala-exporta-todo-lo-bueno.png","width":1330,"height":985,"caption":"Guatemala Exporta Todo Lo Bueno"},"image":{"@id":"https:\/\/guatemalaexporta.mineco.gob.gt\/#\/schema\/logo\/image\/"}}]}},"_links":{"self":[{"href":"https:\/\/guatemalaexporta.mineco.gob.gt\/en\/wp-json\/wp\/v2\/pages\/1307","targetHints":{"allow":["GET"]}}],"collection":[{"href":"https:\/\/guatemalaexporta.mineco.gob.gt\/en\/wp-json\/wp\/v2\/pages"}],"about":[{"href":"https:\/\/guatemalaexporta.mineco.gob.gt\/en\/wp-json\/wp\/v2\/types\/page"}],"author":[{"embeddable":true,"href":"https:\/\/guatemalaexporta.mineco.gob.gt\/en\/wp-json\/wp\/v2\/users\/4"}],"replies":[{"embeddable":true,"href":"https:\/\/guatemalaexporta.mineco.gob.gt\/en\/wp-json\/wp\/v2\/comments?post=1307"}],"version-history":[{"count":5,"href":"https:\/\/guatemalaexporta.mineco.gob.gt\/en\/wp-json\/wp\/v2\/pages\/1307\/revisions"}],"predecessor-version":[{"id":1314,"href":"https:\/\/guatemalaexporta.mineco.gob.gt\/en\/wp-json\/wp\/v2\/pages\/1307\/revisions\/1314"}],"wp:attachment":[{"href":"https:\/\/guatemalaexporta.mineco.gob.gt\/en\/wp-json\/wp\/v2\/media?parent=1307"}],"curies":[{"name":"wp","href":"https:\/\/api.w.org\/{rel}","templated":true}]}}